{"id":9,"date":"2023-07-13T10:03:39","date_gmt":"2023-07-13T10:03:39","guid":{"rendered":"https:\/\/ys-team.ch\/?page_id=9"},"modified":"2023-07-13T14:00:35","modified_gmt":"2023-07-13T14:00:35","slug":"mesmerize","status":"publish","type":"page","link":"https:\/\/ys-team.ch\/","title":{"rendered":"Front Page"},"content":{"rendered":"<div  id=\"ueber-uns\" style=\"background-color: #f5fafd;\" data-label=\"UEBER UNS\" data-id=\"about-1\" data-export-id=\"about-1\" data-category=\"about\" class=\"about-1 content-section\"><div  class=\"gridContainer\"> <div  class=\"row text-center\"><div  class=\"section-title-col\" data-type=\"column\"> <h5  class=\"\">Y&amp;S MALER GIPSER TEAM GMBH<\/h5> <h2  class=\"\">Kreativit\u00e4t, Pr\u00e4zision, Perfektion<\/h2> <p  class=\"lead\">Y&amp;S Malerei Gipser Team GmbH ist ein renommiertes Unternehmen, das professionelle Malerei- und Gipserarbeiten f\u00fcr Wohn- und Gewerbeimmobilien anbietet. Unser engagiertes Team von erfahrenen Malern und Gipsern strebt nach Qualit\u00e4t, Pr\u00e4zision und Perfektion, um Ihre individuellen Wohntr\u00e4ume zu verwirklichen. <\/p><\/div> <\/div> <div  class=\"row\"> <div  class=\"button-holder space-bottom space-bottom-small\" data-type=\"column\"> <\/div> <div  class=\"col-xs bottom-xs flexbox image-group-bottom-3-img space-bottom-xs center-xs\"> <img  decoding=\"async\" class=\"left-img shadow-large-black\" data-size=\"500x300\" src=\"https:\/\/ys-team.ch\/wp-content\/uploads\/2023\/07\/cropped-WhatsApp-Image-2023-07-11-at-6.23.59-PM-1-1.jpeg\" title=\"cropped-WhatsApp-Image-2023-07-11-at-6.23.59-PM-1-1.jpeg\" alt=\"\"> <img  decoding=\"async\" class=\"center-img shadow-large-black\" data-size=\"500x300\" src=\"https:\/\/ys-team.ch\/wp-content\/uploads\/2023\/07\/cropped-WhatsApp-Image-2023-07-11-at-6.24.00-PM.jpeg\" title=\"cropped-WhatsApp-Image-2023-07-11-at-6.24.00-PM.jpeg\" alt=\"\"> <img  decoding=\"async\" class=\"right-img shadow-large-black\" data-size=\"500x300\" src=\"https:\/\/ys-team.ch\/wp-content\/uploads\/2023\/07\/cropped-WhatsApp-Image-2023-07-11-at-6.23.55-PM-1.jpeg\" title=\"cropped-WhatsApp-Image-2023-07-11-at-6.23.55-PM-1.jpeg\" alt=\"\"><\/div> <\/div><\/div> <\/div><div  id=\"dienstleistungen\" style=\"background-color: #ffffff;\" data-label=\"DIENSTLEISTUNGEN\" data-id=\"features-12-card-bordered\" data-export-id=\"features-12-card-bordered\" data-category=\"features\" class=\"features-12-card-bordered content-section content-section-spacing \"><div  class=\"gridContainer\"> <div  class=\"row text-center\"><div  class=\"section-title-col\" data-type=\"column\"> <h2  class=\"\">UNSERE DIENSTLEISTUNGEN<\/h2> <p  class=\"lead\">Unser Ziel ist es, Ihnen hochwertige Dienstleistungen anzubieten und Ihre individuellen Anforderungen zu erf\u00fcllen, um Ihren Wohn- oder Arbeitsbereich in ein inspirierendes und \u00e4sthetisches Umfeld zu verwandeln.<\/p><\/div> <\/div> <div  class=\"row spaced-cols content-center-sm center-sm\" data-type=\"row\"> <div  class=\"col-sm-6\"> <div  class=\"card row-card bordered y-move\"> <div  class=\"row\"> <div  class=\"col-sm-fit icon-column\"> <i  class=\"fa icon fa-connectdevelop round bordered color2\"><\/i> <\/div> <div  class=\"col-sm\" data-type=\"column\"> <h5  class=\"color2\">MALERARBEITEN<\/h5> <p  class=\"\">Wir bieten professionelle Malerarbeiten f\u00fcr Innen- und Aussenbereiche an. Von der Farbauswahl bis zur Endbeschichtung sorgen wir f\u00fcr eine hochwertige und \u00e4sthetische Gestaltung Ihrer R\u00e4ume.<\/p><\/div> <\/div><\/div> <\/div> <div  class=\"col-sm-6\"> <div  class=\"card row-card bordered y-move\"> <div  class=\"row\"> <div  class=\"col-sm-fit icon-column\"> <i  class=\"fa icon fa-codepen round bordered color2\"><\/i> <\/div> <div  class=\"col-sm\" data-type=\"column\"> <h5  class=\"color2\">GIPSERARBEITEN<\/h5> <p  class=\"\">Unser erfahrenes Team von Gipsern k\u00fcmmert sich um s\u00e4mtliche Gipserarbeiten, wie das Verputzen von W\u00e4nden und Decken, das Anbringen von Gipskartonplatten oder die Erstellung von Stuckelementen.<\/p><\/div> <\/div><\/div> <\/div> <div  class=\"col-sm-6\"> <div  class=\"card row-card bordered y-move\"> <div  class=\"row\"> <div  class=\"col-sm-fit icon-column\"> <i  class=\"fa icon fa-cube round bordered color2\"><\/i> <\/div> <div  class=\"col-sm\" data-type=\"column\"> <h5  class=\"color2\">BETONKOSMETIK<\/h5> <p  class=\"\">Mit speziellen Techniken k\u00f6nnen wir Betonoberfl\u00e4chen eine ansprechende und \u00e4sthetische Optik verleihen. Egal, ob Sie einen modernen, industriellen Look oder einen nat\u00fcrlichen Stein-Effekt w\u00fcnschen, wir k\u00f6nnen Betonoberfl\u00e4chen nach Ihren Vorstellungen gestalten.<\/p><\/div> <\/div><\/div> <\/div> <div  class=\"col-sm-6\"> <div  class=\"card row-card bordered y-move\"> <div  class=\"row\"> <div  class=\"col-sm-fit icon-column\"> <i  class=\"fa icon fa-database round bordered color2\"><\/i> <\/div> <div  class=\"col-sm\" data-type=\"column\"> <h5  class=\"color2\">ABBRUCHARBEITEN<\/h5> <p  class=\"\">Unser erfahrenes Team erstellt einen detaillierten Abbruchplan, der alle Aspekte des Projekts ber\u00fccksichtigt, einschlie\u00dflich Sicherheit, Umweltauswirkungen und Entsorgung von Abfallmaterialien. Wir halten uns an alle geltenden Vorschriften und sorgen daf\u00fcr, dass der Abbruch reibungslos und effizient durchgef\u00fchrt wird.<\/p><\/div> <\/div><\/div> <\/div><\/div> <\/div><\/div><div  id=\"unsere-kunden\" style=\"background-color: #f5fafd;\" data-label=\"UNSERE KUNDEN\" data-id=\"content-2\" data-export-id=\"content-2\" data-category=\"content\" class=\"content-2 content-section content-section-spacing\"><div > <div  class=\"row middle-xs\"><div  class=\"col-sm-5 bg-image shadow-large-black\" data-bg=\"image\" style=\"background-image: url(&quot;https:\/\/ys-team.ch\/wp-content\/uploads\/2023\/07\/cropped-WhatsApp-Image-2023-07-11-at-6.24.00-PM-1.jpeg&quot;);\"><\/div> <div  class=\"col-sm-7 full-col-left-padding full-col-right-padding\"> <div  class=\"row\"> <div  data-type=\"column\" class=\"space-bottom-small content-title-col\"> <h5  class=\"\">Y&amp;S Maler Gipser Team GmbH<\/h5> <h2  class=\"\">UNSERE ST\u00c4RKEN<\/h2> <p  class=\"\">Diese St\u00e4rken erm\u00f6glichen es uns, qualitativ hochwertige Dienstleistungen anzubieten und die Erwartungen unserer Kunden zu erf\u00fcllen. Wir sind stolz auf unsere Arbeit und streben stets nach Exzellenz in allem, was wir tun.<\/p><\/div> <\/div> <div  class=\"row spaced-cols \" data-type=\"row\"> <div  class=\"col-xs-6\" data-type=\"column\"> <h5  class=\"\">FACHKOMPETENZ<\/h5> <p  class=\"\">Erfahrene und qualifizierte Fachkr\u00e4fte mit aktuellem Wissen und Know-how.<\/p><\/div> <div  class=\"col-xs-6\" data-type=\"column\"><h5  class=\"\">ZUVERL\u00c4SSIGKEIT<\/h5> <p  class=\"\">P\u00fcnktliche und verl\u00e4ssliche Erf\u00fcllung von Vereinbarungen.<\/p><\/div> <div  class=\"col-xs-6\" data-type=\"column\"><h5  class=\"\">QUALIT\u00c4T UND PR\u00c4ZISION<\/h5> <p  class=\"\">Sorgf\u00e4ltige Arbeit mit Augenmerk auf Details.<\/p><\/div> <div  class=\"col-xs-6\" data-type=\"column\"><h5  class=\"\">KUNDENN\u00c4HE<\/h5> <p  class=\"\">Enge Zusammenarbeit und massgeschneiderte L\u00f6sungen.<\/p><\/div> <\/div><\/div> <\/div><\/div> <\/div><div  id=\"kontakt\" data-label=\"KONTAKT\" data-id=\"contact-1\" data-export-id=\"contact-1\" data-category=\"contact\" class=\"contact-1 content-section content-section-spacing white-text\" data-parallax-depth=\"20\" style=\"background-size: cover; background-position: center top; background-image: url(&quot;https:\/\/ys-team.ch\/wp-content\/uploads\/2023\/07\/WhatsApp-Image-2023-07-11-at-6.30.32-PM-e1689248499757.jpeg&quot;);\"><div  class=\"gridContainer\"> <div  class=\"row text-center\"><div  class=\"section-title-col\" data-type=\"column\"> <h2  class=\"\">KONTAKTIEREN SIE UNS!<\/h2> <p  class=\"lead\">\u00dcberzeugen Sie sich selbst und schicken Sie uns ein E-Mail!<\/p><\/div> <\/div> <div  class=\"row text-center\"> <div  class=\"col-xs-12 col-sm-8 col-sm-offset-2 contact-form-wrapper inline-info\"> <div  class=\"card large-padding\"> <div  class=\"\" data-content-shortcode=\"mesmerize_contact_form shortcode=&quot;contact-form-7 id=&amp;amp;quot;67&amp;amp;quot; title=&amp;amp;quot;Kontaktformular 1&amp;amp;quot;&quot;\" data-editable=\"true\">\n<div class=\"wpcf7 no-js\" id=\"wpcf7-f67-o1\" lang=\"de-CH\" dir=\"ltr\">\n<div class=\"screen-reader-response\"><p role=\"status\" aria-live=\"polite\" aria-atomic=\"true\"><\/p> <ul><\/ul><\/div>\n<form action=\"\/index.php?rest_route=%2Fwp%2Fv2%2Fpages%2F9#wpcf7-f67-o1\" method=\"post\" class=\"wpcf7-form init\" aria-label=\"Contact form\" novalidate=\"novalidate\" data-status=\"init\">\n<div style=\"display: none;\">\n<input type=\"hidden\" name=\"_wpcf7\" value=\"67\" \/>\n<input type=\"hidden\" name=\"_wpcf7_version\" value=\"5.7.7\" \/>\n<input type=\"hidden\" name=\"_wpcf7_locale\" value=\"de_CH\" \/>\n<input type=\"hidden\" name=\"_wpcf7_unit_tag\" value=\"wpcf7-f67-o1\" \/>\n<input type=\"hidden\" name=\"_wpcf7_container_post\" value=\"0\" \/>\n<input type=\"hidden\" name=\"_wpcf7_posted_data_hash\" value=\"\" \/>\n<\/div>\n<p><label> Name Vorname<br \/>\n<span class=\"wpcf7-form-control-wrap\" data-name=\"your-name\"><input size=\"40\" class=\"wpcf7-form-control wpcf7-text wpcf7-validates-as-required\" autocomplete=\"name\" aria-required=\"true\" aria-invalid=\"false\" value=\"\" type=\"text\" name=\"your-name\" \/><\/span> <\/label>\n<\/p>\n<p><label> E-Mail<br \/>\n<span class=\"wpcf7-form-control-wrap\" data-name=\"your-email\"><input size=\"40\" class=\"wpcf7-form-control wpcf7-text wpcf7-email wpcf7-validates-as-required wpcf7-validates-as-email\" autocomplete=\"email\" aria-required=\"true\" aria-invalid=\"false\" value=\"\" type=\"email\" name=\"your-email\" \/><\/span> <\/label>\n<\/p>\n<p><label> Betreff<br \/>\n<span class=\"wpcf7-form-control-wrap\" data-name=\"your-subject\"><input size=\"40\" class=\"wpcf7-form-control wpcf7-text wpcf7-validates-as-required\" aria-required=\"true\" aria-invalid=\"false\" value=\"\" type=\"text\" name=\"your-subject\" \/><\/span> <\/label>\n<\/p>\n<p><label> Deine Nachricht<br \/>\n<span class=\"wpcf7-form-control-wrap\" data-name=\"your-message\"><textarea cols=\"40\" rows=\"10\" class=\"wpcf7-form-control wpcf7-textarea\" aria-invalid=\"false\" name=\"your-message\"><\/textarea><\/span> <\/label>\n<\/p>\n<p><input class=\"wpcf7-form-control has-spinner wpcf7-submit\" type=\"submit\" value=\"ABSCHICKEN\" \/>\n<\/p><p style=\"display: none !important;\"><label>&#916;<textarea name=\"_wpcf7_ak_hp_textarea\" cols=\"45\" rows=\"8\" maxlength=\"100\"><\/textarea><\/label><input type=\"hidden\" id=\"ak_js_1\" name=\"_wpcf7_ak_js\" value=\"16\"\/><script>document.getElementById( \"ak_js_1\" ).setAttribute( \"value\", ( new Date() ).getTime() );<\/script><\/p><div class=\"wpcf7-response-output\" aria-hidden=\"true\"><\/div>\n<\/form>\n<\/div>\n<\/div><\/div> <\/div><\/div> <\/div><\/div>","protected":false},"excerpt":{"rendered":"<p>Y&amp;S MALER GIPSER TEAM GMBH Kreativit\u00e4t, Pr\u00e4zision, Perfektion Y&amp;S Malerei Gipser Team GmbH ist ein renommiertes Unternehmen, das professionelle Malerei- und Gipserarbeiten f\u00fcr Wohn- und Gewerbeimmobilien anbietet. Unser engagiertes Team von erfahrenen Malern und Gipsern strebt nach Qualit\u00e4t, Pr\u00e4zision und Perfektion, um Ihre individuellen Wohntr\u00e4ume zu verwirklichen. UNSERE DIENSTLEISTUNGEN Unser Ziel ist es, Ihnen hochwertige&hellip; <br \/> <a class=\"read-more\" href=\"https:\/\/ys-team.ch\/\">Weiterlesen<\/a><\/p>\n","protected":false},"author":1,"featured_media":0,"parent":0,"menu_order":0,"comment_status":"closed","ping_status":"closed","template":"page-templates\/homepage.php","meta":{"footnotes":""},"class_list":["post-9","page","type-page","status-publish","hentry"],"_links":{"self":[{"href":"https:\/\/ys-team.ch\/index.php?rest_route=\/wp\/v2\/pages\/9","targetHints":{"allow":["GET"]}}],"collection":[{"href":"https:\/\/ys-team.ch\/index.php?rest_route=\/wp\/v2\/pages"}],"about":[{"href":"https:\/\/ys-team.ch\/index.php?rest_route=\/wp\/v2\/types\/page"}],"author":[{"embeddable":true,"href":"https:\/\/ys-team.ch\/index.php?rest_route=\/wp\/v2\/users\/1"}],"replies":[{"embeddable":true,"href":"https:\/\/ys-team.ch\/index.php?rest_route=%2Fwp%2Fv2%2Fcomments&post=9"}],"version-history":[{"count":10,"href":"https:\/\/ys-team.ch\/index.php?rest_route=\/wp\/v2\/pages\/9\/revisions"}],"predecessor-version":[{"id":81,"href":"https:\/\/ys-team.ch\/index.php?rest_route=\/wp\/v2\/pages\/9\/revisions\/81"}],"wp:attachment":[{"href":"https:\/\/ys-team.ch\/index.php?rest_route=%2Fwp%2Fv2%2Fmedia&parent=9"}],"curies":[{"name":"wp","href":"https:\/\/api.w.org\/{rel}","templated":true}]}}